{"id":3082,"date":"2024-05-08T14:36:28","date_gmt":"2024-05-08T12:36:28","guid":{"rendered":"http:\/\/dev.italianbrands.seodesign.dev\/?post_type=product&#038;p=3082"},"modified":"2025-09-15T10:38:59","modified_gmt":"2025-09-15T08:38:59","slug":"lejontass-krom","status":"publish","type":"product","link":"https:\/\/dev.italianbrands.se\/?product=lejontass-krom","title":{"rendered":"Lejontass krom"},"content":{"rendered":"<p>Formgjuten rundad klassisk lejontass i kromad m\u00e4ssing som passar till spisarna Professional Plus, Nostalgie, Majestic och Quadra.<br \/>\nLejontassen matchar spisarnas kromhandtag och vred.<br \/>\nLejontassen \u00e4r gjutna och har en fast h\u00f6jd p\u00e5 15 cm, och kan d\u00e4rf\u00f6r inte justeras p\u00e5 samma s\u00e4tt som spisens standardben.<br \/>\nLejontassen levereras med st\u00e4llfot f\u00f6r j\u00e4mn justering.<br \/>\n<strong>Obs pris\/styck.<\/strong><\/p>\n<p><strong>M\u00e5tt<\/strong><br \/>\nB100 D100 H150 mm<\/p>\n<p>Finns \u00e4ven i m\u00e4ssing och brons.<\/p>\n<p>&nbsp;<\/p>\n<p>&nbsp;<\/p>\n","protected":false},"excerpt":{"rendered":"<p>&nbsp;<\/p>\n<p>&nbsp;<\/p>\n","protected":false},"featured_media":3096,"template":"","meta":{"_acf_changed":false,"_et_pb_use_builder":"","_et_pb_old_content":"","_et_gb_content_width":""},"product_brand":[],"product_cat":[60],"product_tag":[],"class_list":{"0":"post-3082","1":"product","2":"type-product","3":"status-publish","4":"has-post-thumbnail","6":"product_cat-tillbehor-spis-hall","8":"first","9":"instock","10":"taxable","11":"shipping-taxable","12":"purchasable","13":"product-type-simple"},"acf":[],"yoast_head":"<!-- This site is optimized with the Yoast SEO plugin v26.2 - https:\/\/yoast.com\/wordpress\/plugins\/seo\/ -->\n<title>Lejontass krom &#8211; Dev Italian Brands<\/title>\n<meta name=\"robots\" content=\"noindex, follow, max-snippet:-1, max-image-preview:large, max-video-preview:-1\" \/>\n<meta property=\"og:locale\" content=\"sv_SE\" \/>\n<meta property=\"og:type\" content=\"article\" \/>\n<meta property=\"og:title\" content=\"Lejontass krom &#8211; Dev Italian Brands\" \/>\n<meta property=\"og:description\" content=\"&nbsp;  &nbsp;\" \/>\n<meta property=\"og:url\" content=\"https:\/\/dev.italianbrands.se\/?product=lejontass-krom\" \/>\n<meta property=\"og:site_name\" content=\"Dev Italian Brands\" \/>\n<meta property=\"article:modified_time\" content=\"2025-09-15T08:38:59+00:00\" \/>\n<meta property=\"og:image\" content=\"https:\/\/dev.italianbrands.se\/wp-content\/uploads\/2024\/05\/lejontass_krom_shop.jpg\" \/>\n\t<meta property=\"og:image:width\" content=\"500\" \/>\n\t<meta property=\"og:image:height\" content=\"375\" \/>\n\t<meta property=\"og:image:type\" content=\"image\/jpeg\" \/>\n<meta name=\"twitter:card\" content=\"summary_large_image\" \/>\n<meta name=\"twitter:label1\" content=\"Ber\u00e4knad l\u00e4stid\" \/>\n\t<meta name=\"twitter:data1\" content=\"1 minut\" \/>\n<script type=\"application\/ld+json\" class=\"yoast-schema-graph\">{\"@context\":\"https:\/\/schema.org\",\"@graph\":[{\"@type\":\"WebPage\",\"@id\":\"https:\/\/dev.italianbrands.se\/?product=lejontass-krom\",\"url\":\"https:\/\/dev.italianbrands.se\/?product=lejontass-krom\",\"name\":\"Lejontass krom &#8211; Dev Italian Brands\",\"isPartOf\":{\"@id\":\"https:\/\/dev.italianbrands.se\/#website\"},\"primaryImageOfPage\":{\"@id\":\"https:\/\/dev.italianbrands.se\/?product=lejontass-krom#primaryimage\"},\"image\":{\"@id\":\"https:\/\/dev.italianbrands.se\/?product=lejontass-krom#primaryimage\"},\"thumbnailUrl\":\"https:\/\/dev.italianbrands.se\/wp-content\/uploads\/2024\/05\/lejontass_krom_shop.jpg\",\"datePublished\":\"2024-05-08T12:36:28+00:00\",\"dateModified\":\"2025-09-15T08:38:59+00:00\",\"breadcrumb\":{\"@id\":\"https:\/\/dev.italianbrands.se\/?product=lejontass-krom#breadcrumb\"},\"inLanguage\":\"sv-SE\",\"potentialAction\":[{\"@type\":\"ReadAction\",\"target\":[\"https:\/\/dev.italianbrands.se\/?product=lejontass-krom\"]}]},{\"@type\":\"ImageObject\",\"inLanguage\":\"sv-SE\",\"@id\":\"https:\/\/dev.italianbrands.se\/?product=lejontass-krom#primaryimage\",\"url\":\"https:\/\/dev.italianbrands.se\/wp-content\/uploads\/2024\/05\/lejontass_krom_shop.jpg\",\"contentUrl\":\"https:\/\/dev.italianbrands.se\/wp-content\/uploads\/2024\/05\/lejontass_krom_shop.jpg\",\"width\":500,\"height\":375},{\"@type\":\"BreadcrumbList\",\"@id\":\"https:\/\/dev.italianbrands.se\/?product=lejontass-krom#breadcrumb\",\"itemListElement\":[{\"@type\":\"ListItem\",\"position\":1,\"name\":\"Start\",\"item\":\"https:\/\/dev.italianbrands.se\/\"},{\"@type\":\"ListItem\",\"position\":2,\"name\":\"Webbshop f\u00f6r tillbeh\u00f6r\",\"item\":\"https:\/\/dev.italianbrands.se\/?page_id=802\"},{\"@type\":\"ListItem\",\"position\":3,\"name\":\"Lejontass krom\"}]},{\"@type\":\"WebSite\",\"@id\":\"https:\/\/dev.italianbrands.se\/#website\",\"url\":\"https:\/\/dev.italianbrands.se\/\",\"name\":\"Dev Italian Brands\",\"description\":\"\",\"publisher\":{\"@id\":\"https:\/\/dev.italianbrands.se\/#organization\"},\"potentialAction\":[{\"@type\":\"SearchAction\",\"target\":{\"@type\":\"EntryPoint\",\"urlTemplate\":\"https:\/\/dev.italianbrands.se\/?s={search_term_string}\"},\"query-input\":{\"@type\":\"PropertyValueSpecification\",\"valueRequired\":true,\"valueName\":\"search_term_string\"}}],\"inLanguage\":\"sv-SE\"},{\"@type\":\"Organization\",\"@id\":\"https:\/\/dev.italianbrands.se\/#organization\",\"name\":\"Italian Brands AB\",\"url\":\"https:\/\/dev.italianbrands.se\/\",\"logo\":{\"@type\":\"ImageObject\",\"inLanguage\":\"sv-SE\",\"@id\":\"https:\/\/dev.italianbrands.se\/#\/schema\/logo\/image\/\",\"url\":\"http:\/\/dev.italianbrands.se\/wp-content\/uploads\/2024\/05\/italian-brands-logo.png\",\"contentUrl\":\"http:\/\/dev.italianbrands.se\/wp-content\/uploads\/2024\/05\/italian-brands-logo.png\",\"width\":200,\"height\":200,\"caption\":\"Italian Brands AB\"},\"image\":{\"@id\":\"https:\/\/dev.italianbrands.se\/#\/schema\/logo\/image\/\"}}]}<\/script>\n<!-- \/ Yoast SEO plugin. -->","yoast_head_json":{"title":"Lejontass krom &#8211; Dev Italian Brands","robots":{"index":"noindex","follow":"follow","max-snippet":"max-snippet:-1","max-image-preview":"max-image-preview:large","max-video-preview":"max-video-preview:-1"},"og_locale":"sv_SE","og_type":"article","og_title":"Lejontass krom &#8211; Dev Italian Brands","og_description":"&nbsp;  &nbsp;","og_url":"https:\/\/dev.italianbrands.se\/?product=lejontass-krom","og_site_name":"Dev Italian Brands","article_modified_time":"2025-09-15T08:38:59+00:00","og_image":[{"width":500,"height":375,"url":"https:\/\/dev.italianbrands.se\/wp-content\/uploads\/2024\/05\/lejontass_krom_shop.jpg","type":"image\/jpeg"}],"twitter_card":"summary_large_image","twitter_misc":{"Ber\u00e4knad l\u00e4stid":"1 minut"},"schema":{"@context":"https:\/\/schema.org","@graph":[{"@type":"WebPage","@id":"https:\/\/dev.italianbrands.se\/?product=lejontass-krom","url":"https:\/\/dev.italianbrands.se\/?product=lejontass-krom","name":"Lejontass krom &#8211; Dev Italian Brands","isPartOf":{"@id":"https:\/\/dev.italianbrands.se\/#website"},"primaryImageOfPage":{"@id":"https:\/\/dev.italianbrands.se\/?product=lejontass-krom#primaryimage"},"image":{"@id":"https:\/\/dev.italianbrands.se\/?product=lejontass-krom#primaryimage"},"thumbnailUrl":"https:\/\/dev.italianbrands.se\/wp-content\/uploads\/2024\/05\/lejontass_krom_shop.jpg","datePublished":"2024-05-08T12:36:28+00:00","dateModified":"2025-09-15T08:38:59+00:00","breadcrumb":{"@id":"https:\/\/dev.italianbrands.se\/?product=lejontass-krom#breadcrumb"},"inLanguage":"sv-SE","potentialAction":[{"@type":"ReadAction","target":["https:\/\/dev.italianbrands.se\/?product=lejontass-krom"]}]},{"@type":"ImageObject","inLanguage":"sv-SE","@id":"https:\/\/dev.italianbrands.se\/?product=lejontass-krom#primaryimage","url":"https:\/\/dev.italianbrands.se\/wp-content\/uploads\/2024\/05\/lejontass_krom_shop.jpg","contentUrl":"https:\/\/dev.italianbrands.se\/wp-content\/uploads\/2024\/05\/lejontass_krom_shop.jpg","width":500,"height":375},{"@type":"BreadcrumbList","@id":"https:\/\/dev.italianbrands.se\/?product=lejontass-krom#breadcrumb","itemListElement":[{"@type":"ListItem","position":1,"name":"Start","item":"https:\/\/dev.italianbrands.se\/"},{"@type":"ListItem","position":2,"name":"Webbshop f\u00f6r tillbeh\u00f6r","item":"https:\/\/dev.italianbrands.se\/?page_id=802"},{"@type":"ListItem","position":3,"name":"Lejontass krom"}]},{"@type":"WebSite","@id":"https:\/\/dev.italianbrands.se\/#website","url":"https:\/\/dev.italianbrands.se\/","name":"Dev Italian Brands","description":"","publisher":{"@id":"https:\/\/dev.italianbrands.se\/#organization"},"potentialAction":[{"@type":"SearchAction","target":{"@type":"EntryPoint","urlTemplate":"https:\/\/dev.italianbrands.se\/?s={search_term_string}"},"query-input":{"@type":"PropertyValueSpecification","valueRequired":true,"valueName":"search_term_string"}}],"inLanguage":"sv-SE"},{"@type":"Organization","@id":"https:\/\/dev.italianbrands.se\/#organization","name":"Italian Brands AB","url":"https:\/\/dev.italianbrands.se\/","logo":{"@type":"ImageObject","inLanguage":"sv-SE","@id":"https:\/\/dev.italianbrands.se\/#\/schema\/logo\/image\/","url":"http:\/\/dev.italianbrands.se\/wp-content\/uploads\/2024\/05\/italian-brands-logo.png","contentUrl":"http:\/\/dev.italianbrands.se\/wp-content\/uploads\/2024\/05\/italian-brands-logo.png","width":200,"height":200,"caption":"Italian Brands AB"},"image":{"@id":"https:\/\/dev.italianbrands.se\/#\/schema\/logo\/image\/"}}]}},"_links":{"self":[{"href":"https:\/\/dev.italianbrands.se\/index.php?rest_route=\/wp\/v2\/product\/3082","targetHints":{"allow":["GET"]}}],"collection":[{"href":"https:\/\/dev.italianbrands.se\/index.php?rest_route=\/wp\/v2\/product"}],"about":[{"href":"https:\/\/dev.italianbrands.se\/index.php?rest_route=\/wp\/v2\/types\/product"}],"wp:featuredmedia":[{"embeddable":true,"href":"https:\/\/dev.italianbrands.se\/index.php?rest_route=\/wp\/v2\/media\/3096"}],"wp:attachment":[{"href":"https:\/\/dev.italianbrands.se\/index.php?rest_route=%2Fwp%2Fv2%2Fmedia&parent=3082"}],"wp:term":[{"taxonomy":"product_brand","embeddable":true,"href":"https:\/\/dev.italianbrands.se\/index.php?rest_route=%2Fwp%2Fv2%2Fproduct_brand&post=3082"},{"taxonomy":"product_cat","embeddable":true,"href":"https:\/\/dev.italianbrands.se\/index.php?rest_route=%2Fwp%2Fv2%2Fproduct_cat&post=3082"},{"taxonomy":"product_tag","embeddable":true,"href":"https:\/\/dev.italianbrands.se\/index.php?rest_route=%2Fwp%2Fv2%2Fproduct_tag&post=3082"}],"curies":[{"name":"wp","href":"https:\/\/api.w.org\/{rel}","templated":true}]}}